{"id":14,"date":"2021-12-14T16:53:26","date_gmt":"2021-12-14T15:53:26","guid":{"rendered":"https:\/\/da-si.it\/giorgiocane\/?page_id=14"},"modified":"2022-03-17T15:41:31","modified_gmt":"2022-03-17T14:41:31","slug":"azienda","status":"publish","type":"page","link":"https:\/\/giorgiocane.it\/?page_id=14","title":{"rendered":"Azienda"},"content":{"rendered":"\n<p>La Giorgio Cane nasce nel <strong>1996<\/strong> grazie alla <strong>ventennale<\/strong> esperienza del suo fondatore da cui prende il nome.<\/p>\n\n\n\n<p>Specializzata nella realizzazione di scale per interni ed esterni di ogni tipo, realizzazione di ringhiere, inferriate, portoni, cancelli e tutto il comparto <strong>custom<\/strong>. <\/p>\n\n\n\n<p>Si avvale partner specializzati, presenti sul territorio nazionale per soddisfare le richieste e le esigenze della clientela sempre attenta alla cura dell\u2019arredamento d&#8217;interni ed esterni. <\/p>\n\n\n\n<p>Il personale altamente qualificato \u00e8 in grado di personalizzare qualsiasi richiesta, dalla pi\u00f9 semplice alla pi\u00f9 ricercata, adattando estetica e soluzioni all\u2019ambiente ed allo spazio a disposizione. <\/p>\n\n\n\n<p>L\u2019 impegno nell\u2019 individuare la soluzione migliore, unito alla cura con cui il tutto si completa rende ogni realizzazione funzionale e di raffinato valore estetico.<\/p>\n\n\n\n[ngg src=&#8221;galleries&#8221; ids=&#8221;2&#8243; display=&#8221;basic_thumbnail&#8221; thumbnail_crop=&#8221;0&#8243;]\n","protected":false},"excerpt":{"rendered":"<p>La Giorgio Cane nasce nel 1996 grazie alla ventennale esperienza del suo fondatore da cui prende il nome. Specializzata nella realizzazione di scale per interni ed esterni di ogni tipo, realizzazione di ringhiere, inferriate, portoni, cancelli e tutto il comparto custom. Si avvale partner specializzati, presenti sul territorio nazionale per soddisfare le richieste e le [&hellip;]<\/p>\n","protected":false},"author":1,"featured_media":0,"parent":0,"menu_order":0,"comment_status":"closed","ping_status":"closed","template":"","meta":{"footnotes":""},"class_list":["post-14","page","type-page","status-publish","hentry"],"_links":{"self":[{"href":"https:\/\/giorgiocane.it\/index.php?rest_route=\/wp\/v2\/pages\/14","targetHints":{"allow":["GET"]}}],"collection":[{"href":"https:\/\/giorgiocane.it\/index.php?rest_route=\/wp\/v2\/pages"}],"about":[{"href":"https:\/\/giorgiocane.it\/index.php?rest_route=\/wp\/v2\/types\/page"}],"author":[{"embeddable":true,"href":"https:\/\/giorgiocane.it\/index.php?rest_route=\/wp\/v2\/users\/1"}],"replies":[{"embeddable":true,"href":"https:\/\/giorgiocane.it\/index.php?rest_route=%2Fwp%2Fv2%2Fcomments&post=14"}],"version-history":[{"count":10,"href":"https:\/\/giorgiocane.it\/index.php?rest_route=\/wp\/v2\/pages\/14\/revisions"}],"predecessor-version":[{"id":890,"href":"https:\/\/giorgiocane.it\/index.php?rest_route=\/wp\/v2\/pages\/14\/revisions\/890"}],"wp:attachment":[{"href":"https:\/\/giorgiocane.it\/index.php?rest_route=%2Fwp%2Fv2%2Fmedia&parent=14"}],"curies":[{"name":"wp","href":"https:\/\/api.w.org\/{rel}","templated":true}]}}